{"id":62,"date":"2024-04-29T17:04:01","date_gmt":"2024-04-29T20:04:01","guid":{"rendered":"https:\/\/www.labre.org.br\/contest\/?page_id=62"},"modified":"2026-01-30T11:48:08","modified_gmt":"2026-01-30T14:48:08","slug":"arquivos","status":"publish","type":"page","link":"https:\/\/www.labre.org.br\/contest\/arquivos\/","title":{"rendered":"ARQUIVOS"},"content":{"rendered":"\t\t<div data-elementor-type=\"wp-page\" data-elementor-id=\"62\" class=\"elementor elementor-62\" data-elementor-post-type=\"page\">\n\t\t\t\t<div class=\"elementor-element elementor-element-de23598 e-flex e-con-boxed e-con e-parent\" data-id=\"de23598\" data-element_type=\"container\">\n\t\t\t\t\t<div class=\"e-con-inner\">\n\t\t\t\t<div class=\"elementor-element elementor-element-ef6ce19 elementor-widget elementor-widget-heading\" data-id=\"ef6ce19\" data-element_type=\"widget\" data-widget_type=\"heading.default\">\n\t\t\t\t<div class=\"elementor-widget-container\">\n\t\t\t<style>\/*! elementor - v3.22.0 - 26-06-2024 *\/\n.elementor-heading-title{padding:0;margin:0;line-height:1}.elementor-widget-heading .elementor-heading-title[class*=elementor-size-]>a{color:inherit;font-size:inherit;line-height:inherit}.elementor-widget-heading .elementor-heading-title.elementor-size-small{font-size:15px}.elementor-widget-heading .elementor-heading-title.elementor-size-medium{font-size:19px}.elementor-widget-heading .elementor-heading-title.elementor-size-large{font-size:29px}.elementor-widget-heading .elementor-heading-title.elementor-size-xl{font-size:39px}.elementor-widget-heading .elementor-heading-title.elementor-size-xxl{font-size:59px}<\/style><h2 class=\"elementor-heading-title elementor-size-default\">ARQUIVOS<\/h2>\t\t<\/div>\n\t\t\t\t<\/div>\n\t\t\t\t\t<\/div>\n\t\t\t\t<\/div>\n\t\t<div class=\"elementor-element elementor-element-e1656f5 e-flex e-con-boxed e-con e-parent\" data-id=\"e1656f5\" data-element_type=\"container\">\n\t\t\t\t\t<div class=\"e-con-inner\">\n\t\t\t\t<div class=\"elementor-element elementor-element-da9294c elementor-widget elementor-widget-text-editor\" data-id=\"da9294c\" data-element_type=\"widget\" data-widget_type=\"text-editor.default\">\n\t\t\t\t<div class=\"elementor-widget-container\">\n\t\t\t<style>\/*! elementor - v3.22.0 - 26-06-2024 *\/\n.elementor-widget-text-editor.elementor-drop-cap-view-stacked .elementor-drop-cap{background-color:#69727d;color:#fff}.elementor-widget-text-editor.elementor-drop-cap-view-framed .elementor-drop-cap{color:#69727d;border:3px solid;background-color:transparent}.elementor-widget-text-editor:not(.elementor-drop-cap-view-default) .elementor-drop-cap{margin-top:8px}.elementor-widget-text-editor:not(.elementor-drop-cap-view-default) .elementor-drop-cap-letter{width:1em;height:1em}.elementor-widget-text-editor .elementor-drop-cap{float:left;text-align:center;line-height:1;font-size:50px}.elementor-widget-text-editor .elementor-drop-cap-letter{display:inline-block}<\/style>\t\t\t\t<p>Para participar do <strong data-start=\"433\" data-end=\"453\">LABRE DX CONTEST<\/strong>, utilize <strong data-start=\"463\" data-end=\"499\">os softwares oficiais abaixo<\/strong> e fa\u00e7a o download dos arquivos necess\u00e1rios para a configura\u00e7\u00e3o correta.<\/p>\t\t\t\t\t\t<\/div>\n\t\t\t\t<\/div>\n\t\t<div class=\"elementor-element elementor-element-3eb3594 e-con-full e-flex e-con e-child\" data-id=\"3eb3594\" data-element_type=\"container\">\n\t\t<div class=\"elementor-element elementor-element-9f0e913 e-con-full e-flex e-con e-child\" data-id=\"9f0e913\" data-element_type=\"container\">\n\t\t\t\t<div class=\"elementor-element elementor-element-b446b3e elementor-widget elementor-widget-heading\" data-id=\"b446b3e\" data-element_type=\"widget\" data-widget_type=\"heading.default\">\n\t\t\t\t<div class=\"elementor-widget-container\">\n\t\t\t<h2 class=\"elementor-heading-title elementor-size-default\">N1MM+ - Software oficial para registro de contatos (log).<\/h2>\t\t<\/div>\n\t\t\t\t<\/div>\n\t\t\t\t<div class=\"elementor-element elementor-element-23cd4e9 elementor-widget elementor-widget-button\" data-id=\"23cd4e9\" data-element_type=\"widget\" data-widget_type=\"button.default\">\n\t\t\t\t<div class=\"elementor-widget-container\">\n\t\t\t\t\t<div class=\"elementor-button-wrapper\">\n\t\t\t<a class=\"elementor-button elementor-button-link elementor-size-sm\" href=\"https:\/\/n1mmwp.hamdocs.com\/downloads\/n1mm-full-install\/\" target=\"_blank\">\n\t\t\t\t\t\t<span class=\"elementor-button-content-wrapper\">\n\t\t\t\t\t\t\t\t\t<span class=\"elementor-button-text\">Baixar a vers\u00e3o mais atual do N1MM+<\/span>\n\t\t\t\t\t<\/span>\n\t\t\t\t\t<\/a>\n\t\t<\/div>\n\t\t\t\t<\/div>\n\t\t\t\t<\/div>\n\t\t\t\t<div class=\"elementor-element elementor-element-902d815 elementor-widget elementor-widget-heading\" data-id=\"902d815\" data-element_type=\"widget\" data-widget_type=\"heading.default\">\n\t\t\t\t<div class=\"elementor-widget-container\">\n\t\t\t<h2 class=\"elementor-heading-title elementor-size-default\">Arquivos de configura\u00e7\u00e3o:<\/h2>\t\t<\/div>\n\t\t\t\t<\/div>\n\t\t\t\t<div class=\"elementor-element elementor-element-012b5b0 elementor-widget elementor-widget-text-editor\" data-id=\"012b5b0\" data-element_type=\"widget\" data-widget_type=\"text-editor.default\">\n\t\t\t\t<div class=\"elementor-widget-container\">\n\t\t\t\t\t\t\t<p><a href=\"https:\/\/www.labre.org.br\/contest\/wp-content\/uploads\/2026\/01\/LABRE_N1MM-1.zip\" target=\"_blank\" rel=\"noopener\">Clique aqui<\/a>\u00a0para baixar o arquivo compactado *.ZIP com os arquivos *.UDC, *.SEC e Call History necess\u00e1rios para configurar o N1MM+ para o LABRE DX CONTEST.<\/p>\t\t\t\t\t\t<\/div>\n\t\t\t\t<\/div>\n\t\t\t\t<\/div>\n\t\t<div class=\"elementor-element elementor-element-e01125d e-con-full e-flex e-con e-child\" data-id=\"e01125d\" data-element_type=\"container\">\n\t\t\t\t<div class=\"elementor-element elementor-element-26e01ae elementor-widget elementor-widget-heading\" data-id=\"26e01ae\" data-element_type=\"widget\" data-widget_type=\"heading.default\">\n\t\t\t\t<div class=\"elementor-widget-container\">\n\t\t\t<h2 class=\"elementor-heading-title elementor-size-default\">DXLogNet - Software oficial alternativo para registro de contatos (log).<\/h2>\t\t<\/div>\n\t\t\t\t<\/div>\n\t\t\t\t<div class=\"elementor-element elementor-element-9ed4d66 elementor-widget elementor-widget-button\" data-id=\"9ed4d66\" data-element_type=\"widget\" data-widget_type=\"button.default\">\n\t\t\t\t<div class=\"elementor-widget-container\">\n\t\t\t\t\t<div class=\"elementor-button-wrapper\">\n\t\t\t<a class=\"elementor-button elementor-button-link elementor-size-sm\" href=\"https:\/\/www.dxlog.net\/sw\/\" target=\"_blank\">\n\t\t\t\t\t\t<span class=\"elementor-button-content-wrapper\">\n\t\t\t\t\t\t\t\t\t<span class=\"elementor-button-text\">Baixar o arquivo LABRE_DXLogNet.ZIP<\/span>\n\t\t\t\t\t<\/span>\n\t\t\t\t\t<\/a>\n\t\t<\/div>\n\t\t\t\t<\/div>\n\t\t\t\t<\/div>\n\t\t\t\t<div class=\"elementor-element elementor-element-deda8f5 elementor-widget elementor-widget-heading\" data-id=\"deda8f5\" data-element_type=\"widget\" data-widget_type=\"heading.default\">\n\t\t\t\t<div class=\"elementor-widget-container\">\n\t\t\t<h2 class=\"elementor-heading-title elementor-size-default\">Arquivos de configura\u00e7\u00e3o:<\/h2>\t\t<\/div>\n\t\t\t\t<\/div>\n\t\t\t\t<div class=\"elementor-element elementor-element-2c9ab85 elementor-widget elementor-widget-text-editor\" data-id=\"2c9ab85\" data-element_type=\"widget\" data-widget_type=\"text-editor.default\">\n\t\t\t\t<div class=\"elementor-widget-container\">\n\t\t\t\t\t\t\t<p><a href=\"https:\/\/www.labre.org.br\/contest\/wp-content\/uploads\/2026\/01\/LABRE_DXLogNet-1.zip\" target=\"_blank\" rel=\"noopener\">Clique aqui<\/a> para baixar o arquivo compactado LABRE_DXLogNet.ZIP com os arquivos *.TXT necess\u00e1rios para configurar o DXLogNet para o LABRE DX CONTEST.<\/p>\t\t\t\t\t\t<\/div>\n\t\t\t\t<\/div>\n\t\t\t\t<\/div>\n\t\t\t\t<\/div>\n\t\t\t\t\t<\/div>\n\t\t\t\t<\/div>\n\t\t<div class=\"elementor-element elementor-element-2d17764 e-flex e-con-boxed e-con e-parent\" data-id=\"2d17764\" data-element_type=\"container\">\n\t\t\t\t\t<div class=\"e-con-inner\">\n\t\t\t\t<div class=\"elementor-element elementor-element-d41896c elementor-widget elementor-widget-heading\" data-id=\"d41896c\" data-element_type=\"widget\" data-widget_type=\"heading.default\">\n\t\t\t\t<div class=\"elementor-widget-container\">\n\t\t\t<h2 class=\"elementor-heading-title elementor-size-default\">Video Tutorial: como baixar, instalar e configurar o N1MM+ para o LABRE DX CONTEST<\/h2>\t\t<\/div>\n\t\t\t\t<\/div>\n\t\t<div class=\"elementor-element elementor-element-530d8bf e-con-full e-flex e-con e-child\" data-id=\"530d8bf\" data-element_type=\"container\">\n\t\t<div class=\"elementor-element elementor-element-ae5b83a e-con-full e-flex e-con e-child\" data-id=\"ae5b83a\" data-element_type=\"container\">\n\t\t\t\t<div class=\"elementor-element elementor-element-b8b39c3 elementor-widget elementor-widget-video\" data-id=\"b8b39c3\" data-element_type=\"widget\" data-settings=\"{&quot;youtube_url&quot;:&quot;https:\\\/\\\/www.youtube.com\\\/watch?v=Fo5Qf3V19fE&quot;,&quot;video_type&quot;:&quot;youtube&quot;,&quot;controls&quot;:&quot;yes&quot;}\" data-widget_type=\"video.default\">\n\t\t\t\t<div class=\"elementor-widget-container\">\n\t\t\t<style>\/*! elementor - v3.22.0 - 26-06-2024 *\/\n.elementor-widget-video .elementor-widget-container{overflow:hidden;transform:translateZ(0)}.elementor-widget-video .elementor-wrapper{aspect-ratio:var(--video-aspect-ratio)}.elementor-widget-video .elementor-wrapper iframe,.elementor-widget-video .elementor-wrapper video{height:100%;width:100%;display:flex;border:none;background-color:#000}@supports not (aspect-ratio:1\/1){.elementor-widget-video .elementor-wrapper{position:relative;overflow:hidden;height:0;padding-bottom:calc(100% \/ var(--video-aspect-ratio))}.elementor-widget-video .elementor-wrapper iframe,.elementor-widget-video .elementor-wrapper video{position:absolute;top:0;right:0;bottom:0;left:0}}.elementor-widget-video .elementor-open-inline .elementor-custom-embed-image-overlay{position:absolute;top:0;right:0;bottom:0;left:0;background-size:cover;background-position:50%}.elementor-widget-video .elementor-custom-embed-image-overlay{cursor:pointer;text-align:center}.elementor-widget-video .elementor-custom-embed-image-overlay:hover .elementor-custom-embed-play i{opacity:1}.elementor-widget-video .elementor-custom-embed-image-overlay img{display:block;width:100%;aspect-ratio:var(--video-aspect-ratio);-o-object-fit:cover;object-fit:cover;-o-object-position:center center;object-position:center center}@supports not (aspect-ratio:1\/1){.elementor-widget-video .elementor-custom-embed-image-overlay{position:relative;overflow:hidden;height:0;padding-bottom:calc(100% \/ var(--video-aspect-ratio))}.elementor-widget-video .elementor-custom-embed-image-overlay img{position:absolute;top:0;right:0;bottom:0;left:0}}.elementor-widget-video .e-hosted-video .elementor-video{-o-object-fit:cover;object-fit:cover}.e-con-inner>.elementor-widget-video,.e-con>.elementor-widget-video{width:var(--container-widget-width);--flex-grow:var(--container-widget-flex-grow)}<\/style>\t\t<div class=\"elementor-wrapper elementor-open-inline\">\n\t\t\t<div class=\"elementor-video\"><\/div>\t\t<\/div>\n\t\t\t\t<\/div>\n\t\t\t\t<\/div>\n\t\t\t\t<\/div>\n\t\t\t\t<\/div>\n\t\t\t\t\t<\/div>\n\t\t\t\t<\/div>\n\t\t<div class=\"elementor-element elementor-element-7fbaefc e-flex e-con-boxed e-con e-parent\" data-id=\"7fbaefc\" data-element_type=\"container\">\n\t\t\t\t\t<div class=\"e-con-inner\">\n\t\t\t\t<div class=\"elementor-element elementor-element-b0c0323 elementor-widget elementor-widget-heading\" data-id=\"b0c0323\" data-element_type=\"widget\" data-widget_type=\"heading.default\">\n\t\t\t\t<div class=\"elementor-widget-container\">\n\t\t\t<h2 class=\"elementor-heading-title elementor-size-default\">V\u00eddeo Tutorial: Como instalar o arquivo CallHistory no N1MM+<\/h2>\t\t<\/div>\n\t\t\t\t<\/div>\n\t\t<div class=\"elementor-element elementor-element-d68d2c3 e-con-full e-flex e-con e-child\" data-id=\"d68d2c3\" data-element_type=\"container\">\n\t\t<div class=\"elementor-element elementor-element-cd728b5 e-con-full e-flex e-con e-child\" data-id=\"cd728b5\" data-element_type=\"container\">\n\t\t\t\t<div class=\"elementor-element elementor-element-d0ffa19 elementor-widget elementor-widget-video\" data-id=\"d0ffa19\" data-element_type=\"widget\" data-settings=\"{&quot;youtube_url&quot;:&quot;https:\\\/\\\/youtu.be\\\/rxP2x5oQG3E&quot;,&quot;video_type&quot;:&quot;youtube&quot;,&quot;controls&quot;:&quot;yes&quot;}\" data-widget_type=\"video.default\">\n\t\t\t\t<div class=\"elementor-widget-container\">\n\t\t\t\t\t<div class=\"elementor-wrapper elementor-open-inline\">\n\t\t\t<div class=\"elementor-video\"><\/div>\t\t<\/div>\n\t\t\t\t<\/div>\n\t\t\t\t<\/div>\n\t\t\t\t<\/div>\n\t\t\t\t<\/div>\n\t\t\t\t\t<\/div>\n\t\t\t\t<\/div>\n\t\t\t\t<\/div>\n\t\t","protected":false},"excerpt":{"rendered":"<p>Para participar do LABRE DX CONTEST, utilize os softwares oficiais abaixo e fa\u00e7a o download dos arquivos necess\u00e1rios para a configura\u00e7\u00e3o correta. N1MM+ &#8211; Software oficial para registro de contatos (log). Baixar a vers\u00e3o mais atual do N1MM+ Arquivos de configura\u00e7\u00e3o: Clique aqui\u00a0para baixar o arquivo compactado *.ZIP com os arquivos *.UDC, *.SEC e Call [&hellip;]<\/p>\n","protected":false},"author":1,"featured_media":0,"parent":0,"menu_order":0,"comment_status":"closed","ping_status":"closed","template":"","meta":{"_acf_changed":false,"footnotes":""},"acf":[],"_links":{"self":[{"href":"https:\/\/www.labre.org.br\/contest\/wp-json\/wp\/v2\/pages\/62"}],"collection":[{"href":"https:\/\/www.labre.org.br\/contest\/wp-json\/wp\/v2\/pages"}],"about":[{"href":"https:\/\/www.labre.org.br\/contest\/wp-json\/wp\/v2\/types\/page"}],"author":[{"embeddable":true,"href":"https:\/\/www.labre.org.br\/contest\/wp-json\/wp\/v2\/users\/1"}],"replies":[{"embeddable":true,"href":"https:\/\/www.labre.org.br\/contest\/wp-json\/wp\/v2\/comments?post=62"}],"version-history":[{"count":61,"href":"https:\/\/www.labre.org.br\/contest\/wp-json\/wp\/v2\/pages\/62\/revisions"}],"predecessor-version":[{"id":1739,"href":"https:\/\/www.labre.org.br\/contest\/wp-json\/wp\/v2\/pages\/62\/revisions\/1739"}],"wp:attachment":[{"href":"https:\/\/www.labre.org.br\/contest\/wp-json\/wp\/v2\/media?parent=62"}],"curies":[{"name":"wp","href":"https:\/\/api.w.org\/{rel}","templated":true}]}}