{"id":984,"date":"2024-10-14T17:47:30","date_gmt":"2024-10-14T20:47:30","guid":{"rendered":"https:\/\/www.labre.org.br\/contest\/?page_id=984"},"modified":"2026-01-09T09:30:46","modified_gmt":"2026-01-09T12:30:46","slug":"patrocinadores","status":"publish","type":"page","link":"https:\/\/www.labre.org.br\/contest\/en\/patrocinadores\/","title":{"rendered":"Sponsors"},"content":{"rendered":"<div data-elementor-type=\"wp-page\" data-elementor-id=\"984\" class=\"elementor elementor-984\" data-elementor-post-type=\"page\">\n\t\t\t\t<div class=\"elementor-element elementor-element-d1987b1 e-flex e-con-boxed e-con e-parent\" data-id=\"d1987b1\" data-element_type=\"container\">\n\t\t\t\t\t<div class=\"e-con-inner\">\n\t\t\t\t<div class=\"elementor-element elementor-element-40bd926 elementor-widget elementor-widget-heading\" data-id=\"40bd926\" data-element_type=\"widget\" data-widget_type=\"heading.default\">\n\t\t\t\t<div class=\"elementor-widget-container\">\n\t\t\t<style>\/*! elementor - v3.22.0 - 26-06-2024 *\/\n.elementor-heading-title{padding:0;margin:0;line-height:1}.elementor-widget-heading .elementor-heading-title[class*=elementor-size-]>a{color:inherit;font-size:inherit;line-height:inherit}.elementor-widget-heading .elementor-heading-title.elementor-size-small{font-size:15px}.elementor-widget-heading .elementor-heading-title.elementor-size-medium{font-size:19px}.elementor-widget-heading .elementor-heading-title.elementor-size-large{font-size:29px}.elementor-widget-heading .elementor-heading-title.elementor-size-xl{font-size:39px}.elementor-widget-heading .elementor-heading-title.elementor-size-xxl{font-size:59px}<\/style><h2 class=\"elementor-heading-title elementor-size-default\">BE A SPONSOR OF THE LABRE DX CONTEST <\/h2>\t\t<\/div>\n\t\t\t\t<\/div>\n\t\t\t\t\t<\/div>\n\t\t\t\t<\/div>\n\t\t<div class=\"elementor-element elementor-element-1d6a46a e-flex e-con-boxed e-con e-parent\" data-id=\"1d6a46a\" data-element_type=\"container\">\n\t\t\t\t\t<div class=\"e-con-inner\">\n\t\t\t\t<div class=\"elementor-element elementor-element-a060298 elementor-widget elementor-widget-text-editor\" data-id=\"a060298\" data-element_type=\"widget\" data-widget_type=\"text-editor.default\">\n\t\t\t\t<div class=\"elementor-widget-container\">\n\t\t\t<style>\/*! elementor - v3.22.0 - 26-06-2024 *\/\n.elementor-widget-text-editor.elementor-drop-cap-view-stacked .elementor-drop-cap{background-color:#69727d;color:#fff}.elementor-widget-text-editor.elementor-drop-cap-view-framed .elementor-drop-cap{color:#69727d;border:3px solid;background-color:transparent}.elementor-widget-text-editor:not(.elementor-drop-cap-view-default) .elementor-drop-cap{margin-top:8px}.elementor-widget-text-editor:not(.elementor-drop-cap-view-default) .elementor-drop-cap-letter{width:1em;height:1em}.elementor-widget-text-editor .elementor-drop-cap{float:left;text-align:center;line-height:1;font-size:50px}.elementor-widget-text-editor .elementor-drop-cap-letter{display:inline-block}<\/style>\t\t\t\t<p>If your club, association, group, company, or even you as an individual are interested in sponsoring a Plaque\/Award for one of the winners in any category of the LABRE DX Contest, please check the list of winners and select the category that needs a sponsor (SPONSOR).<\/p><p>To sponsor, please provide your details and the desired category and we will contact you to confirm availability and payment method. The sponsor (SPONSOR) will have their name and call sign or logo engraved on the sponsored plaque.<\/p><p>The cost of each plaque is R$ 150.00 or 30 USD, and the shipping fee to send it to the winner will be covered by LABRE.<\/p><p>Once availability and payment of the respective amount are confirmed, the plaque will be finalized, produced, and published on the website <strong>https:\/\/www.labre.org.br\/contest\/.<\/strong><\/p><p>The final date for confirmation of sponsorship will be August 31st.<\/p><p>Make your reservation by indicating your choice and sending an email to <strong>labre@labre.org.br<\/strong><\/p><p><strong>IMPORTANT:<\/strong> The plaques for the CLUBs category will be exclusively sponsored by LABRE.<\/p>\t\t\t\t\t\t<\/div>\n\t\t\t\t<\/div>\n\t\t\t\t<div class=\"elementor-element elementor-element-454161a elementor-widget elementor-widget-heading\" data-id=\"454161a\" data-element_type=\"widget\" data-widget_type=\"heading.default\">\n\t\t\t\t<div class=\"elementor-widget-container\">\n\t\t\t<h2 class=\"elementor-heading-title elementor-size-default\">DESCRIPTION OF THE LABRE DX CONTEST PLAQUE <\/h2>\t\t<\/div>\n\t\t\t\t<\/div>\n\t\t\t\t<div class=\"elementor-element elementor-element-dcc0105 elementor-widget elementor-widget-text-editor\" data-id=\"dcc0105\" data-element_type=\"widget\" data-widget_type=\"text-editor.default\">\n\t\t\t\t<div class=\"elementor-widget-container\">\n\t\t\t\t\t\t\t<p>Wooden plaque measuring 17 cm x 22 cm, featuring artwork and text engraved on a brushed steel metal plate measuring 14 cm x 19 cm. The plaque may be in black and white or in color, at the discretion of the LABRE DX CONTEST organizers.<\/p><p>Below is a reference model:<\/p>\t\t\t\t\t\t<\/div>\n\t\t\t\t<\/div>\n\t\t\t\t<div class=\"elementor-element elementor-element-481e1d9 elementor-widget elementor-widget-image\" data-id=\"481e1d9\" data-element_type=\"widget\" data-widget_type=\"image.default\">\n\t\t\t\t<div class=\"elementor-widget-container\">\n\t\t\t<style>\/*! elementor - v3.22.0 - 26-06-2024 *\/\n.elementor-widget-image{text-align:center}.elementor-widget-image a{display:inline-block}.elementor-widget-image a img[src$=\".svg\"]{width:48px}.elementor-widget-image img{vertical-align:middle;display:inline-block}<\/style>\t\t\t\t\t\t\t\t\t\t<img fetchpriority=\"high\" decoding=\"async\" width=\"423\" height=\"658\" src=\"https:\/\/www.labre.org.br\/contest\/wp-content\/uploads\/2024\/10\/modelo-placa.png\" class=\"attachment-large size-large wp-image-987\" alt=\"\" srcset=\"https:\/\/www.labre.org.br\/contest\/wp-content\/uploads\/2024\/10\/modelo-placa.png 423w, https:\/\/www.labre.org.br\/contest\/wp-content\/uploads\/2024\/10\/modelo-placa-193x300.png 193w, https:\/\/www.labre.org.br\/contest\/wp-content\/uploads\/2024\/10\/modelo-placa-8x12.png 8w\" sizes=\"(max-width: 423px) 100vw, 423px\" \/>\t\t\t\t\t\t\t\t\t\t\t\t\t<\/div>\n\t\t\t\t<\/div>\n\t\t\t\t\t<\/div>\n\t\t\t\t<\/div>\n\t\t<div class=\"elementor-element elementor-element-6a52cb1 e-flex e-con-boxed e-con e-parent\" data-id=\"6a52cb1\" data-element_type=\"container\">\n\t\t\t\t\t<div class=\"e-con-inner\">\n\t\t\t\t<div class=\"elementor-element elementor-element-2082559 elementor-widget elementor-widget-heading\" data-id=\"2082559\" data-element_type=\"widget\" data-widget_type=\"heading.default\">\n\t\t\t\t<div class=\"elementor-widget-container\">\n\t\t\t<h2 class=\"elementor-heading-title elementor-size-default\">Sponsors<\/h2>\t\t<\/div>\n\t\t\t\t<\/div>\n\t\t\t\t<div class=\"elementor-element elementor-element-357bc5e elementor-widget elementor-widget-html\" data-id=\"357bc5e\" data-element_type=\"widget\" data-widget_type=\"html.default\">\n\t\t\t\t<div class=\"elementor-widget-container\">\n\t\t\t<table border=\"1\" cellpadding=\"8\" cellspacing=\"0\" style=\"border-collapse: collapse; font-family: Arial, sans-serif; width: 100%;\">\r\n  <thead style=\"background-color: #f2f2f2;\">\r\n    <tr>\r\n      <th style=\"text-align: left;\">Seq.<\/th>\r\n      <th style=\"text-align: left;\">Categoria 2026<\/th>\r\n      <th style=\"text-align: left;\">Patrocinador<\/th>\r\n    <\/tr>\r\n  <\/thead>\r\n  <tbody>\r\n    <tr><td>1<\/td><td>MULTI-OP-ONE-HIGH-ALL-MIXED<\/td><td>Available for sponsorship<\/td><\/tr>\r\n    <tr><td>2<\/td><td>MULTI-OP-ONE-LOW-ALL-MIXED<\/td><td>Available for sponsorship<\/td><\/tr>\r\n    <tr><td>3<\/td><td>MULTI-OP-ONE-QRP-ALL-MIXED<\/td><td>Available for sponsorship<\/td><\/tr>\r\n    <tr><td>4<\/td><td>MULTI-OP-TWO-HIGH-ALL-MIXED<\/td><td>Available for sponsorship<\/td><\/tr>\r\n    <tr><td>5<\/td><td>MULTI-OP-TWO-LOW-ALL-MIXED<\/td><td>Available for sponsorship<\/td><\/tr>\r\n    <tr><td>6<\/td><td>MULTI-OP-TWO-QRP-ALL-MIXED<\/td><td>Available for sponsorship<\/td><\/tr>\r\n\r\n    <tr><td>7<\/td><td>MULTI-MULTI-HIGH-ALL-MIXED<\/td><td>Available for sponsorship<\/td><\/tr>\r\n    <tr><td>8<\/td><td>MULTI-MULTI-LOW-ALL-MIXED<\/td><td>Available for sponsorship<\/td><\/tr>\r\n    <tr><td>9<\/td><td>MULTI-MULTI-QRP-ALL-MIXED<\/td><td>Available for sponsorship<\/td><\/tr>\r\n\r\n    <tr><td>10<\/td><td>SINGLE-OP-HIGH-10M-CW<\/td><td>Available for sponsorship<\/td><\/tr>\r\n    <tr><td>11<\/td><td>SINGLE-OP-HIGH-10M-MIXED<\/td><td>Available for sponsorship<\/td><\/tr>\r\n    <tr><td>12<\/td><td>SINGLE-OP-HIGH-10M-SSB<\/td><td>Available for sponsorship<\/td><\/tr>\r\n\r\n    <tr><td>13<\/td><td>SINGLE-OP-HIGH-15M-CW<\/td><td>Available for sponsorship<\/td><\/tr>\r\n    <tr><td>14<\/td><td>SINGLE-OP-HIGH-15M-MIXED<\/td><td>Available for sponsorship<\/td><\/tr>\r\n    <tr><td>15<\/td><td>SINGLE-OP-HIGH-15M-SSB<\/td><td>Available for sponsorship<\/td><\/tr>\r\n\r\n    <tr><td>16<\/td><td>SINGLE-OP-HIGH-20M-CW<\/td><td>Available for sponsorship<\/td><\/tr>\r\n    <tr><td>17<\/td><td>SINGLE-OP-HIGH-20M-MIXED<\/td><td>Available for sponsorship<\/td><\/tr>\r\n    <tr><td>18<\/td><td>SINGLE-OP-HIGH-20M-SSB<\/td><td>Available for sponsorship<\/td><\/tr>\r\n\r\n    <tr><td>19<\/td><td>SINGLE-OP-HIGH-40M-CW<\/td><td>Available for sponsorship<\/td><\/tr>\r\n    <tr><td>20<\/td><td>SINGLE-OP-HIGH-40M-MIXED<\/td><td>Available for sponsorship<\/td><\/tr>\r\n    <tr><td>21<\/td><td>SINGLE-OP-HIGH-40M-SSB<\/td><td>Available for sponsorship<\/td><\/tr>\r\n\r\n    <tr><td>22<\/td><td>SINGLE-OP-HIGH-80M-CW<\/td><td>Available for sponsorship<\/td><\/tr>\r\n    <tr><td>23<\/td><td>SINGLE-OP-HIGH-80M-MIXED<\/td><td>Available for sponsorship<\/td><\/tr>\r\n    <tr><td>24<\/td><td>SINGLE-OP-HIGH-80M-SSB<\/td><td>Available for sponsorship<\/td><\/tr>\r\n\r\n    <tr><td>25<\/td><td>SINGLE-OP-HIGH-160M-CW<\/td><td>Available for sponsorship<\/td><\/tr>\r\n    <tr><td>26<\/td><td>SINGLE-OP-HIGH-160M-MIXED<\/td><td>Available for sponsorship<\/td><\/tr>\r\n    <tr><td>27<\/td><td>SINGLE-OP-HIGH-160M-SSB<\/td><td>Available for sponsorship<\/td><\/tr>\r\n\r\n    <tr><td>28<\/td><td>SINGLE-OP-HIGH-ALL-CW<\/td><td>Available for sponsorship<\/td><\/tr>\r\n    <tr><td>29<\/td><td>SINGLE-OP-HIGH-ALL-MIXED<\/td><td>Available for sponsorship<\/td><\/tr>\r\n    <tr><td>30<\/td><td>SINGLE-OP-HIGH-ALL-SSB<\/td><td>Available for sponsorship<\/td><\/tr>\r\n\r\n    <tr><td>31<\/td><td>SINGLE-OP-LOW-10M-CW<\/td><td>Available for sponsorship<\/td><\/tr>\r\n    <tr><td>32<\/td><td>SINGLE-OP-LOW-10M-MIXED<\/td><td>Available for sponsorship<\/td><\/tr>\r\n    <tr><td>33<\/td><td>SINGLE-OP-LOW-10M-SSB<\/td><td>Available for sponsorship<\/td><\/tr>\r\n\r\n    <tr><td>34<\/td><td>SINGLE-OP-LOW-15M-CW<\/td><td>Available for sponsorship<\/td><\/tr>\r\n    <tr><td>35<\/td><td>SINGLE-OP-LOW-15M-MIXED<\/td><td>Available for sponsorship<\/td><\/tr>\r\n    <tr><td>36<\/td><td>SINGLE-OP-LOW-15M-SSB<\/td><td>Available for sponsorship<\/td><\/tr>\r\n\r\n    <tr><td>37<\/td><td>SINGLE-OP-LOW-20M-CW<\/td><td>Available for sponsorship<\/td><\/tr>\r\n    <tr><td>38<\/td><td>SINGLE-OP-LOW-20M-MIXED<\/td><td>Available for sponsorship<\/td><\/tr>\r\n    <tr><td>39<\/td><td>SINGLE-OP-LOW-20M-SSB<\/td><td>Available for sponsorship<\/td><\/tr>\r\n\r\n    <tr><td>40<\/td><td>SINGLE-OP-LOW-40M-CW<\/td><td>Available for sponsorship<\/td><\/tr>\r\n    <tr><td>41<\/td><td>SINGLE-OP-LOW-40M-MIXED<\/td><td>Available for sponsorship<\/td><\/tr>\r\n    <tr><td>42<\/td><td>SINGLE-OP-LOW-40M-SSB<\/td><td>Available for sponsorship<\/td><\/tr>\r\n\r\n    <tr><td>43<\/td><td>SINGLE-OP-LOW-80M-CW<\/td><td>Available for sponsorship<\/td><\/tr>\r\n    <tr><td>44<\/td><td>SINGLE-OP-LOW-80M-MIXED<\/td><td>Available for sponsorship<\/td><\/tr>\r\n    <tr><td>45<\/td><td>SINGLE-OP-LOW-80M-SSB<\/td><td>Available for sponsorship<\/td><\/tr>\r\n\r\n    <tr><td>46<\/td><td>SINGLE-OP-LOW-160M-CW<\/td><td>Available for sponsorship<\/td><\/tr>\r\n    <tr><td>47<\/td><td>SINGLE-OP-LOW-160M-MIXED<\/td><td>Available for sponsorship<\/td><\/tr>\r\n    <tr><td>48<\/td><td>SINGLE-OP-LOW-160M-SSB<\/td><td>Available for sponsorship<\/td><\/tr>\r\n\r\n    <tr><td>49<\/td><td>SINGLE-OP-LOW-ALL-CW<\/td><td>Available for sponsorship<\/td><\/tr>\r\n    <tr><td>50<\/td><td>SINGLE-OP-LOW-ALL-MIXED<\/td><td>Available for sponsorship<\/td><\/tr>\r\n    <tr><td>51<\/td><td>SINGLE-OP-LOW-ALL-SSB<\/td><td>Available for sponsorship<\/td><\/tr>\r\n\r\n    <tr><td>52<\/td><td>SINGLE-OP-QRP-ALL-CW<\/td><td>Available for sponsorship<\/td><\/tr>\r\n    <tr><td>53<\/td><td>SINGLE-OP-QRP-ALL-MIXED<\/td><td>Available for sponsorship<\/td><\/tr>\r\n    <tr><td>54<\/td><td>SINGLE-OP-QRP-ALL-SSB<\/td><td>Available for sponsorship<\/td><\/tr>\r\n\r\n    <tr><td>55<\/td><td>SINGLE-OP-YL-HIGH-ALL-CW<\/td><td>Available for sponsorship<\/td><\/tr>\r\n    <tr><td>56<\/td><td>SINGLE-OP-YL-HIGH-ALL-MIXED<\/td><td>Available for sponsorship<\/td><\/tr>\r\n    <tr><td>57<\/td><td>SINGLE-OP-YL-HIGH-ALL-SSB<\/td><td>Available for sponsorship<\/td><\/tr>\r\n\r\n    <tr><td>58<\/td><td>SINGLE-OP-YL-LOW-ALL-CW<\/td><td>Available for sponsorship<\/td><\/tr>\r\n    <tr><td>59<\/td><td>SINGLE-OP-YL-LOW-ALL-MIXED<\/td><td>Available for sponsorship<\/td><\/tr>\r\n    <tr><td>60<\/td><td>SINGLE-OP-YL-LOW-ALL-SSB<\/td><td>Available for sponsorship<\/td><\/tr>\r\n\r\n    <tr><td>61<\/td><td>SINGLE-OP-YL-QRP-ALL-CW<\/td><td>Available for sponsorship<\/td><\/tr>\r\n    <tr><td>62<\/td><td>SINGLE-OP-YL-QRP-ALL-MIXED<\/td><td>Available for sponsorship<\/td><\/tr>\r\n    <tr><td>63<\/td><td>SINGLE-OP-YL-QRP-ALL-SSB<\/td><td>Available for sponsorship<\/td><\/tr>\r\n\r\n    <tr><td>64<\/td><td>SINGLE-OP-YOUTH-HIGH-ALL-CW<\/td><td>Available for sponsorship<\/td><\/tr>\r\n    <tr><td>65<\/td><td>SINGLE-OP-YOUTH-HIGH-ALL-MIXED<\/td><td>Available for sponsorship<\/td><\/tr>\r\n    <tr><td>66<\/td><td>SINGLE-OP-YOUTH-HIGH-ALL-SSB<\/td><td>Available for sponsorship<\/td><\/tr>\r\n\r\n    <tr><td>67<\/td><td>SINGLE-OP-YOUTH-LOW-ALL-CW<\/td><td>Available for sponsorship<\/td><\/tr>\r\n    <tr><td>68<\/td><td>SINGLE-OP-YOUTH-LOW-ALL-MIXED<\/td><td>Available for sponsorship<\/td><\/tr>\r\n    <tr><td>69<\/td><td>SINGLE-OP-YOUTH-LOW-ALL-SSB<\/td><td>Available for sponsorship<\/td><\/tr>\r\n\r\n    <tr><td>70<\/td><td>SINGLE-OP-YOUTH-QRP-ALL-CW<\/td><td>Available for sponsorship<\/td><\/tr>\r\n    <tr><td>71<\/td><td>SINGLE-OP-YOUTH-QRP-ALL-MIXED<\/td><td>Available for sponsorship<\/td><\/tr>\r\n    <tr><td>72<\/td><td>SINGLE-OP-YOUTH-QRP-ALL-SSB<\/td><td>Available for sponsorship<\/td><\/tr>\r\n\r\n    <tr><td>73<\/td><td>CHECKLOG<\/td><td>\u2014<\/td><\/tr>\r\n    <tr><td>74<\/td><td>CLUBs BRASIL<\/td><td>Available for sponsorship<\/td><\/tr>\r\n    <tr><td>75<\/td><td>INTERNATIONAL CLUBs<\/td><td>Available for sponsorship<\/td><\/tr>\r\n    <tr><td>76<\/td><td>CLUBs LABRES<\/td><td>Available for sponsorship<\/td><\/tr>\r\n  <\/tbody>\r\n<\/table>\r\n\t\t<\/div>\n\t\t\t\t<\/div>\n\t\t\t\t\t<\/div>\n\t\t\t\t<\/div>\n\t\t\t\t<\/div>","protected":false},"excerpt":{"rendered":"<p>SEJA UM SPONSOR DO LABRE DX CONTEST Se seu Clube, associa\u00e7\u00e3o, grupo, empresa ou at\u00e9 mesmo voc\u00ea como pessoa f\u00edsica estiver interessado em patrocinar uma Placa\/Pr\u00eamio para um dos ganhadores de qualquer categoria do Concurso LABRE DX Contest, consulte a lista dos ganhadores e selecione aquela categoria que precisa de patrocinador (SPONSOR). Para patrocinar informe [&hellip;]<\/p>","protected":false},"author":1,"featured_media":0,"parent":0,"menu_order":0,"comment_status":"closed","ping_status":"closed","template":"","meta":{"_acf_changed":false,"footnotes":""},"acf":[],"_links":{"self":[{"href":"https:\/\/www.labre.org.br\/contest\/en\/wp-json\/wp\/v2\/pages\/984"}],"collection":[{"href":"https:\/\/www.labre.org.br\/contest\/en\/wp-json\/wp\/v2\/pages"}],"about":[{"href":"https:\/\/www.labre.org.br\/contest\/en\/wp-json\/wp\/v2\/types\/page"}],"author":[{"embeddable":true,"href":"https:\/\/www.labre.org.br\/contest\/en\/wp-json\/wp\/v2\/users\/1"}],"replies":[{"embeddable":true,"href":"https:\/\/www.labre.org.br\/contest\/en\/wp-json\/wp\/v2\/comments?post=984"}],"version-history":[{"count":28,"href":"https:\/\/www.labre.org.br\/contest\/en\/wp-json\/wp\/v2\/pages\/984\/revisions"}],"predecessor-version":[{"id":1648,"href":"https:\/\/www.labre.org.br\/contest\/en\/wp-json\/wp\/v2\/pages\/984\/revisions\/1648"}],"wp:attachment":[{"href":"https:\/\/www.labre.org.br\/contest\/en\/wp-json\/wp\/v2\/media?parent=984"}],"curies":[{"name":"wp","href":"https:\/\/api.w.org\/{rel}","templated":true}]}}