{"id":66,"date":"2024-04-29T17:04:46","date_gmt":"2024-04-29T20:04:46","guid":{"rendered":"https:\/\/www.labre.org.br\/contest\/?page_id=66"},"modified":"2026-01-09T09:36:57","modified_gmt":"2026-01-09T12:36:57","slug":"enviar-log","status":"publish","type":"page","link":"https:\/\/www.labre.org.br\/contest\/en\/enviar-log\/","title":{"rendered":"LOG SUBMISSION"},"content":{"rendered":"<div data-elementor-type=\"wp-page\" data-elementor-id=\"66\" class=\"elementor elementor-66\" data-elementor-post-type=\"page\">\n\t\t\t\t<div class=\"elementor-element elementor-element-145fd19 e-flex e-con-boxed e-con e-parent\" data-id=\"145fd19\" data-element_type=\"container\">\n\t\t\t\t\t<div class=\"e-con-inner\">\n\t\t<div class=\"elementor-element elementor-element-3fb1f2b e-con-full e-flex e-con e-child\" data-id=\"3fb1f2b\" data-element_type=\"container\">\n\t\t<div class=\"elementor-element elementor-element-1a7e9af e-con-full e-flex e-con e-child\" data-id=\"1a7e9af\" data-element_type=\"container\">\n\t\t\t\t<div class=\"elementor-element elementor-element-970b63b elementor-widget elementor-widget-heading\" data-id=\"970b63b\" data-element_type=\"widget\" data-widget_type=\"heading.default\">\n\t\t\t\t<div class=\"elementor-widget-container\">\n\t\t\t<style>\/*! elementor - v3.22.0 - 26-06-2024 *\/\n.elementor-heading-title{padding:0;margin:0;line-height:1}.elementor-widget-heading .elementor-heading-title[class*=elementor-size-]>a{color:inherit;font-size:inherit;line-height:inherit}.elementor-widget-heading .elementor-heading-title.elementor-size-small{font-size:15px}.elementor-widget-heading .elementor-heading-title.elementor-size-medium{font-size:19px}.elementor-widget-heading .elementor-heading-title.elementor-size-large{font-size:29px}.elementor-widget-heading .elementor-heading-title.elementor-size-xl{font-size:39px}.elementor-widget-heading .elementor-heading-title.elementor-size-xxl{font-size:59px}<\/style><h2 class=\"elementor-heading-title elementor-size-default\">LOG SUBMISSION<\/h2>\t\t<\/div>\n\t\t\t\t<\/div>\n\t\t\t\t<div class=\"elementor-element elementor-element-e62478f elementor-widget elementor-widget-text-editor\" data-id=\"e62478f\" data-element_type=\"widget\" data-widget_type=\"text-editor.default\">\n\t\t\t\t<div class=\"elementor-widget-container\">\n\t\t\t<style>\/*! elementor - v3.22.0 - 26-06-2024 *\/\n.elementor-widget-text-editor.elementor-drop-cap-view-stacked .elementor-drop-cap{background-color:#69727d;color:#fff}.elementor-widget-text-editor.elementor-drop-cap-view-framed .elementor-drop-cap{color:#69727d;border:3px solid;background-color:transparent}.elementor-widget-text-editor:not(.elementor-drop-cap-view-default) .elementor-drop-cap{margin-top:8px}.elementor-widget-text-editor:not(.elementor-drop-cap-view-default) .elementor-drop-cap-letter{width:1em;height:1em}.elementor-widget-text-editor .elementor-drop-cap{float:left;text-align:center;line-height:1;font-size:50px}.elementor-widget-text-editor .elementor-drop-cap-letter{display:inline-block}<\/style>\t\t\t\t<p>The Organizing Committee of the event asks participants of the LABRE Contest to send their log, in electronic format, using the form below.<\/p><p>Before sending your log, pay attention to the following criteria:<\/p><p>\u2022 Logs must be sent within 5 days after the end of the Contest.<br \/>\u2022 Logs sent after the deadline will be placed back in the checklog category.<br \/>\u2022 Only logs in CABRILO format will be accepted.<\/p>\t\t\t\t\t\t<\/div>\n\t\t\t\t<\/div>\n\t\t\t\t<\/div>\n\t\t<div class=\"elementor-element elementor-element-45c8884 e-con-full e-flex e-con e-child\" data-id=\"45c8884\" data-element_type=\"container\">\n\t\t\t\t<div class=\"elementor-element elementor-element-c8bb377 elementor-widget elementor-widget-heading\" data-id=\"c8bb377\" data-element_type=\"widget\" data-widget_type=\"heading.default\">\n\t\t\t\t<div class=\"elementor-widget-container\">\n\t\t\t<h2 class=\"elementor-heading-title elementor-size-default\">EXEMPLO DE LOG<\/h2>\t\t<\/div>\n\t\t\t\t<\/div>\n\t\t\t\t<div class=\"elementor-element elementor-element-ba6c1d4 elementor-widget elementor-widget-image-gallery\" data-id=\"ba6c1d4\" data-element_type=\"widget\" data-no-translation=\"\" data-widget_type=\"image-gallery.default\">\n\t\t\t\t<div class=\"elementor-widget-container\">\n\t\t\t<style>\/*! elementor - v3.22.0 - 26-06-2024 *\/\n.elementor-image-gallery .gallery-item{display:inline-block;text-align:center;vertical-align:top;width:100%;max-width:100%;margin:0 auto}.elementor-image-gallery .gallery-item img{margin:0 auto}.elementor-image-gallery .gallery-item .gallery-caption{margin:0}.elementor-image-gallery figure img{display:block}.elementor-image-gallery figure figcaption{width:100%}.gallery-spacing-custom .elementor-image-gallery .gallery-icon{padding:0}@media (min-width:768px){.elementor-image-gallery .gallery-columns-2 .gallery-item{max-width:50%}.elementor-image-gallery .gallery-columns-3 .gallery-item{max-width:33.33%}.elementor-image-gallery .gallery-columns-4 .gallery-item{max-width:25%}.elementor-image-gallery .gallery-columns-5 .gallery-item{max-width:20%}.elementor-image-gallery .gallery-columns-6 .gallery-item{max-width:16.666%}.elementor-image-gallery .gallery-columns-7 .gallery-item{max-width:14.28%}.elementor-image-gallery .gallery-columns-8 .gallery-item{max-width:12.5%}.elementor-image-gallery .gallery-columns-9 .gallery-item{max-width:11.11%}.elementor-image-gallery .gallery-columns-10 .gallery-item{max-width:10%}}@media (min-width:480px) and (max-width:767px){.elementor-image-gallery .gallery.gallery-columns-2 .gallery-item,.elementor-image-gallery .gallery.gallery-columns-3 .gallery-item,.elementor-image-gallery .gallery.gallery-columns-4 .gallery-item,.elementor-image-gallery .gallery.gallery-columns-5 .gallery-item,.elementor-image-gallery .gallery.gallery-columns-6 .gallery-item,.elementor-image-gallery .gallery.gallery-columns-7 .gallery-item,.elementor-image-gallery .gallery.gallery-columns-8 .gallery-item,.elementor-image-gallery .gallery.gallery-columns-9 .gallery-item,.elementor-image-gallery .gallery.gallery-columns-10 .gallery-item{max-width:50%}}@media (max-width:479px){.elementor-image-gallery .gallery.gallery-columns-2 .gallery-item,.elementor-image-gallery .gallery.gallery-columns-3 .gallery-item,.elementor-image-gallery .gallery.gallery-columns-4 .gallery-item,.elementor-image-gallery .gallery.gallery-columns-5 .gallery-item,.elementor-image-gallery .gallery.gallery-columns-6 .gallery-item,.elementor-image-gallery .gallery.gallery-columns-7 .gallery-item,.elementor-image-gallery .gallery.gallery-columns-8 .gallery-item,.elementor-image-gallery .gallery.gallery-columns-9 .gallery-item,.elementor-image-gallery .gallery.gallery-columns-10 .gallery-item{max-width:100%}}<\/style><style>.elementor-element-ba6c1d4{display:none !important}<\/style>\t\t<\/div>\n\t\t\t\t<\/div>\n\t\t\t\t<div class=\"elementor-element elementor-element-b0da650 elementor-widget elementor-widget-image-gallery\" data-id=\"b0da650\" data-element_type=\"widget\" data-no-translation=\"\" data-widget_type=\"image-gallery.default\">\n\t\t\t\t<div class=\"elementor-widget-container\">\n\t\t\t\t\t<div class=\"elementor-image-gallery\">\n\t\t\t<div id='gallery-2' class='gallery galleryid-66 gallery-columns-1 gallery-size-full'><figure class='gallery-item'>\n\t\t\t<div class='gallery-icon landscape'>\n\t\t\t\t<a data-elementor-open-lightbox=\"yes\" data-elementor-lightbox-slideshow=\"b0da650\" data-elementor-lightbox-title=\"EXEMPLO-DE-LOG-EN\" data-e-action-hash=\"#elementor-action%3Aaction%3Dlightbox%26settings%3DeyJpZCI6MTY1MSwidXJsIjoiaHR0cHM6XC9cL3d3dy5sYWJyZS5vcmcuYnJcL2NvbnRlc3RcL3dwLWNvbnRlbnRcL3VwbG9hZHNcLzIwMjZcLzAxXC9FWEVNUExPLURFLUxPRy1FTi5wbmciLCJzbGlkZXNob3ciOiJiMGRhNjUwIn0%3D\" href='https:\/\/www.labre.org.br\/contest\/wp-content\/uploads\/2026\/01\/EXEMPLO-DE-LOG-EN.png'><img fetchpriority=\"high\" decoding=\"async\" width=\"1340\" height=\"742\" src=\"https:\/\/www.labre.org.br\/contest\/wp-content\/uploads\/2026\/01\/EXEMPLO-DE-LOG-EN.png\" class=\"attachment-full size-full\" alt=\"\" srcset=\"https:\/\/www.labre.org.br\/contest\/wp-content\/uploads\/2026\/01\/EXEMPLO-DE-LOG-EN.png 1340w, https:\/\/www.labre.org.br\/contest\/wp-content\/uploads\/2026\/01\/EXEMPLO-DE-LOG-EN-300x166.png 300w, https:\/\/www.labre.org.br\/contest\/wp-content\/uploads\/2026\/01\/EXEMPLO-DE-LOG-EN-1024x567.png 1024w, https:\/\/www.labre.org.br\/contest\/wp-content\/uploads\/2026\/01\/EXEMPLO-DE-LOG-EN-768x425.png 768w, https:\/\/www.labre.org.br\/contest\/wp-content\/uploads\/2026\/01\/EXEMPLO-DE-LOG-EN-18x10.png 18w\" sizes=\"(max-width: 1340px) 100vw, 1340px\" \/><\/a>\n\t\t\t<\/div><\/figure>\n\t\t<\/div>\n\t\t<\/div>\n\t\t\t\t<\/div>\n\t\t\t\t<\/div>\n\t\t\t\t<\/div>\n\t\t\t\t<\/div>\n\t\t\t\t\t<\/div>\n\t\t\t\t<\/div>\n\t\t<div class=\"elementor-element elementor-element-437b8fc e-flex e-con-boxed e-con e-parent\" data-id=\"437b8fc\" data-element_type=\"container\">\n\t\t\t\t\t<div class=\"e-con-inner\">\n\t\t\t\t<div class=\"elementor-element elementor-element-a752501 elementor-widget elementor-widget-html\" data-id=\"a752501\" data-element_type=\"widget\" data-widget_type=\"html.default\">\n\t\t\t\t<div class=\"elementor-widget-container\">\n\t\t\t<iframe allowtransparency=\"true\" width=\"100%\" height=\"900px\" src=\"https:\/\/www.labre.org.br\/contest\/coletalog\/coletalog.php\"><\/iframe>\t\t<\/div>\n\t\t\t\t<\/div>\n\t\t\t\t\t<\/div>\n\t\t\t\t<\/div>\n\t\t\t\t<\/div>","protected":false},"excerpt":{"rendered":"<p>O Comit\u00ea Organizador do evento solicita aos participantes do Conteste LABRE, que enviem seu log, em formato eletr\u00f4nico, atrav\u00e9s do formul\u00e1rio abaixo. Antes de enviar seu log, atente para os seguintes crit\u00e9rios: \u2022 Os logs devem ser enviados em at\u00e9 5 dias ap\u00f3s o final do Conteste.\u2022 Logs enviados ap\u00f3s o limite de prazo ser\u00e3o [&hellip;]<\/p>","protected":false},"author":1,"featured_media":0,"parent":0,"menu_order":0,"comment_status":"closed","ping_status":"closed","template":"","meta":{"_acf_changed":false,"footnotes":""},"acf":[],"_links":{"self":[{"href":"https:\/\/www.labre.org.br\/contest\/en\/wp-json\/wp\/v2\/pages\/66"}],"collection":[{"href":"https:\/\/www.labre.org.br\/contest\/en\/wp-json\/wp\/v2\/pages"}],"about":[{"href":"https:\/\/www.labre.org.br\/contest\/en\/wp-json\/wp\/v2\/types\/page"}],"author":[{"embeddable":true,"href":"https:\/\/www.labre.org.br\/contest\/en\/wp-json\/wp\/v2\/users\/1"}],"replies":[{"embeddable":true,"href":"https:\/\/www.labre.org.br\/contest\/en\/wp-json\/wp\/v2\/comments?post=66"}],"version-history":[{"count":70,"href":"https:\/\/www.labre.org.br\/contest\/en\/wp-json\/wp\/v2\/pages\/66\/revisions"}],"predecessor-version":[{"id":1654,"href":"https:\/\/www.labre.org.br\/contest\/en\/wp-json\/wp\/v2\/pages\/66\/revisions\/1654"}],"wp:attachment":[{"href":"https:\/\/www.labre.org.br\/contest\/en\/wp-json\/wp\/v2\/media?parent=66"}],"curies":[{"name":"wp","href":"https:\/\/api.w.org\/{rel}","templated":true}]}}