{"id":1720,"date":"2026-01-12T11:33:04","date_gmt":"2026-01-12T14:33:04","guid":{"rendered":"https:\/\/www.labre.org.br\/contest\/?page_id=1720"},"modified":"2026-01-12T16:51:52","modified_gmt":"2026-01-12T19:51:52","slug":"comite-2026","status":"publish","type":"page","link":"https:\/\/www.labre.org.br\/contest\/en\/comite-2026\/","title":{"rendered":"COMMITTEE 2026"},"content":{"rendered":"<div data-elementor-type=\"wp-page\" data-elementor-id=\"1720\" class=\"elementor elementor-1720\" data-elementor-post-type=\"page\">\n\t\t\t\t<div class=\"elementor-element elementor-element-677ea9b e-flex e-con-boxed e-con e-parent\" data-id=\"677ea9b\" data-element_type=\"container\">\n\t\t\t\t\t<div class=\"e-con-inner\">\n\t\t\t\t<div class=\"elementor-element elementor-element-ccd9af6 elementor-widget elementor-widget-heading\" data-id=\"ccd9af6\" data-element_type=\"widget\" data-widget_type=\"heading.default\">\n\t\t\t\t<div class=\"elementor-widget-container\">\n\t\t\t<style>\/*! elementor - v3.22.0 - 26-06-2024 *\/\n.elementor-heading-title{padding:0;margin:0;line-height:1}.elementor-widget-heading .elementor-heading-title[class*=elementor-size-]>a{color:inherit;font-size:inherit;line-height:inherit}.elementor-widget-heading .elementor-heading-title.elementor-size-small{font-size:15px}.elementor-widget-heading .elementor-heading-title.elementor-size-medium{font-size:19px}.elementor-widget-heading .elementor-heading-title.elementor-size-large{font-size:29px}.elementor-widget-heading .elementor-heading-title.elementor-size-xl{font-size:39px}.elementor-widget-heading .elementor-heading-title.elementor-size-xxl{font-size:59px}<\/style><h2 class=\"elementor-heading-title elementor-size-default\">COMMITTEE 2026<\/h2>\t\t<\/div>\n\t\t\t\t<\/div>\n\t\t\t\t\t<\/div>\n\t\t\t\t<\/div>\n\t\t<div class=\"elementor-element elementor-element-834c35c e-flex e-con-boxed e-con e-parent\" data-id=\"834c35c\" data-element_type=\"container\">\n\t\t\t\t\t<div class=\"e-con-inner\">\n\t\t\t\t<div class=\"elementor-element elementor-element-bcf9fd0 elementor-widget elementor-widget-text-editor\" data-id=\"bcf9fd0\" data-element_type=\"widget\" data-widget_type=\"text-editor.default\">\n\t\t\t\t<div class=\"elementor-widget-container\">\n\t\t\t<style>\/*! elementor - v3.22.0 - 26-06-2024 *\/\n.elementor-widget-text-editor.elementor-drop-cap-view-stacked .elementor-drop-cap{background-color:#69727d;color:#fff}.elementor-widget-text-editor.elementor-drop-cap-view-framed .elementor-drop-cap{color:#69727d;border:3px solid;background-color:transparent}.elementor-widget-text-editor:not(.elementor-drop-cap-view-default) .elementor-drop-cap{margin-top:8px}.elementor-widget-text-editor:not(.elementor-drop-cap-view-default) .elementor-drop-cap-letter{width:1em;height:1em}.elementor-widget-text-editor .elementor-drop-cap{float:left;text-align:center;line-height:1;font-size:50px}.elementor-widget-text-editor .elementor-drop-cap-letter{display:inline-block}<\/style>\t\t\t\t<p>In order to ensure the success of the event, LABRE has established an Organizing Committee.<\/p><p>The Organizing Committee will be responsible for verifying and adjudicating the participation of each station and judging possible infractions as provided in Chapter XIV of the competition regulations.<\/p><p>\u00a0<\/p>\t\t\t\t\t\t<\/div>\n\t\t\t\t<\/div>\n\t\t\t\t\t<\/div>\n\t\t\t\t<\/div>\n\t\t<div class=\"elementor-element elementor-element-144e02c e-flex e-con-boxed e-con e-parent\" data-id=\"144e02c\" data-element_type=\"container\">\n\t\t\t\t\t<div class=\"e-con-inner\">\n\t\t<div class=\"elementor-element elementor-element-2615bd0 e-con-full e-flex e-con e-child\" data-id=\"2615bd0\" data-element_type=\"container\">\n\t\t\t\t<div class=\"elementor-element elementor-element-91c89a6 elementor-widget__width-initial elementor-widget elementor-widget-html\" data-id=\"91c89a6\" data-element_type=\"widget\" data-widget_type=\"html.default\">\n\t\t\t\t<div class=\"elementor-widget-container\">\n\t\t\t<table style=\"width: 100%; border-collapse: collapse;\">\r\n    <thead>\r\n        <tr>\r\n            <th colspan=\"2\" style=\"background-color: #427938; color: white; padding: 10px; text-align: center;\">\r\n                Organizing Committee.\r\n            <\/th>\r\n        <\/tr>\r\n        <tr>\r\n            <th style=\"color: #427938; padding: 8px; border-bottom: 1px solid #ddd;\">Name<\/th>\r\n            <th style=\"color: #427938; padding: 8px; border-bottom: 1px solid #ddd;\">Call Sign<\/th>\r\n        <\/tr>\r\n    <\/thead>\r\n    <tbody>\r\n        <tr>\r\n            <td style=\"color: #427938; padding: 8px; border-bottom: 1px solid #ddd;\">Anderson Xavier<\/td>\r\n            <td style=\"color: #427938; padding: 8px; border-bottom: 1px solid #ddd;\">PP5AX<\/td>\r\n        <\/tr>\r\n        <tr>\r\n            <td style=\"color: #427938; padding: 8px; border-bottom: 1px solid #ddd;\">Marcone Cerqueira<\/td>\r\n            <td style=\"color: #427938; padding: 8px; border-bottom: 1px solid #ddd;\">PY6MV<\/td>\r\n        <\/tr>\r\n        <tr>\r\n            <td style=\"color: #427938; padding: 8px; border-bottom: 1px solid #ddd;\">Renner Pedroza<\/td>\r\n            <td style=\"color: #427938; padding: 8px; border-bottom: 1px solid #ddd;\">PY7RP<\/td>\r\n        <\/tr>\r\n        <tr>\r\n            <td style=\"color: #427938; padding: 8px; border-bottom: 1px solid #ddd;\">Roberto Pereira<\/td>\r\n            <td style=\"color: #427938; padding: 8px; border-bottom: 1px solid #ddd;\">PT7YV<\/td>\r\n        <\/tr>\r\n    <\/tbody>\r\n<\/table>\r\n\t\t<\/div>\n\t\t\t\t<\/div>\n\t\t\t\t<\/div>\n\t\t<div class=\"elementor-element elementor-element-b69e379 e-con-full e-flex e-con e-child\" data-id=\"b69e379\" data-element_type=\"container\">\n\t\t\t\t<div class=\"elementor-element elementor-element-db7bcb0 elementor-widget elementor-widget-html\" data-id=\"db7bcb0\" data-element_type=\"widget\" data-widget_type=\"html.default\">\n\t\t\t\t<div class=\"elementor-widget-container\">\n\t\t\t<table style=\"width: 100%; border-collapse: collapse;\">\r\n    <thead>\r\n        <tr>\r\n            <th colspan=\"2\" style=\"background-color: #427938; color: white; padding: 10px; text-align: center;\">\r\n                Judging Committee\r\n            <\/th>\r\n        <\/tr>\r\n        <tr>\r\n            <th style=\"color: #427938; padding: 8px; border-bottom: 1px solid #ddd;\">Name<\/th>\r\n            <th style=\"color: #427938; padding: 8px; border-bottom: 1px solid #ddd;\">Call Sign<\/th>\r\n        <\/tr>\r\n    <\/thead>\r\n    <tbody>\r\n        <tr>\r\n            <td style=\"color: #427938; padding: 8px; border-bottom: 1px solid #ddd;\">Atilano Oms<\/td>\r\n            <td style=\"color: #427938; padding: 8px; border-bottom: 1px solid #ddd;\">PY5EG<\/td>\r\n        <\/tr>\r\n        <tr>\r\n            <td style=\"color: #427938; padding: 8px; border-bottom: 1px solid #ddd;\">Luciano Moreira<\/td>\r\n            <td style=\"color: #427938; padding: 8px; border-bottom: 1px solid #ddd;\">PY8AZT<\/td>\r\n        <\/tr>\r\n        <tr>\r\n            <td style=\"color: #427938; padding: 8px; border-bottom: 1px solid #ddd;\">Rafael Camargo<\/td>\r\n            <td style=\"color: #427938; padding: 8px; border-bottom: 1px solid #ddd;\">PY2VTC<\/td>\r\n        <\/tr>\r\n        <tr>\r\n            <td style=\"color: #427938; padding: 8px; border-bottom: 1px solid #ddd;\">Sergio Almeida<\/td>\r\n            <td style=\"color: #427938; padding: 8px; border-bottom: 1px solid #ddd;\">PP5JR<\/td>\r\n        <\/tr>\r\n        <tr>\r\n            <td style=\"color: #427938; padding: 8px; border-bottom: 1px solid #ddd;\">Valmir\u00ea Silveira<\/td>\r\n            <td style=\"color: #427938; padding: 8px; border-bottom: 1px solid #ddd;\">PP5OM<\/td>\r\n        <\/tr>\r\n    <\/tbody>\r\n<\/table>\r\n\t\t<\/div>\n\t\t\t\t<\/div>\n\t\t\t\t<\/div>\n\t\t\t\t\t<\/div>\n\t\t\t\t<\/div>\n\t\t\t\t<\/div>","protected":false},"excerpt":{"rendered":"<p>De modo a garantir o sucesso do evento, a LABRE criou um Comit\u00ea Organizador. O Comit\u00ea Organizador ser\u00e1 respons\u00e1vel por verificar, adjudicar a participa\u00e7\u00e3o de cada esta\u00e7\u00e3o e julgar poss\u00edveis infra\u00e7\u00f5es conforme disposto no cap\u00edtulo XIV do regulamento da competi\u00e7\u00e3o. \u00a0 Comit\u00ea Organizador Nome Indicativo Anderson Xavier PP5AX Marcone Cerqueira PY6MV Renner Pedroza PY7RP Roberto [&hellip;]<\/p>","protected":false},"author":1,"featured_media":0,"parent":0,"menu_order":0,"comment_status":"closed","ping_status":"closed","template":"","meta":{"_acf_changed":false,"footnotes":""},"acf":[],"_links":{"self":[{"href":"https:\/\/www.labre.org.br\/contest\/en\/wp-json\/wp\/v2\/pages\/1720"}],"collection":[{"href":"https:\/\/www.labre.org.br\/contest\/en\/wp-json\/wp\/v2\/pages"}],"about":[{"href":"https:\/\/www.labre.org.br\/contest\/en\/wp-json\/wp\/v2\/types\/page"}],"author":[{"embeddable":true,"href":"https:\/\/www.labre.org.br\/contest\/en\/wp-json\/wp\/v2\/users\/1"}],"replies":[{"embeddable":true,"href":"https:\/\/www.labre.org.br\/contest\/en\/wp-json\/wp\/v2\/comments?post=1720"}],"version-history":[{"count":7,"href":"https:\/\/www.labre.org.br\/contest\/en\/wp-json\/wp\/v2\/pages\/1720\/revisions"}],"predecessor-version":[{"id":1729,"href":"https:\/\/www.labre.org.br\/contest\/en\/wp-json\/wp\/v2\/pages\/1720\/revisions\/1729"}],"wp:attachment":[{"href":"https:\/\/www.labre.org.br\/contest\/en\/wp-json\/wp\/v2\/media?parent=1720"}],"curies":[{"name":"wp","href":"https:\/\/api.w.org\/{rel}","templated":true}]}}