{"id":1669,"date":"2026-01-09T14:02:48","date_gmt":"2026-01-09T17:02:48","guid":{"rendered":"https:\/\/www.labre.org.br\/contest\/?page_id=1669"},"modified":"2026-01-09T17:39:49","modified_gmt":"2026-01-09T20:39:49","slug":"apoiadores-empresas","status":"publish","type":"page","link":"https:\/\/www.labre.org.br\/contest\/en\/apoiadores-empresas\/","title":{"rendered":"Corporate Supporters"},"content":{"rendered":"<div data-elementor-type=\"wp-page\" data-elementor-id=\"1669\" class=\"elementor elementor-1669\" data-elementor-post-type=\"page\">\n\t\t\t\t<div class=\"elementor-element elementor-element-9c004a1 e-flex e-con-boxed e-con e-parent\" data-id=\"9c004a1\" data-element_type=\"container\">\n\t\t\t\t\t<div class=\"e-con-inner\">\n\t\t\t\t<div class=\"elementor-element elementor-element-305025d elementor-widget elementor-widget-heading\" data-id=\"305025d\" data-element_type=\"widget\" data-widget_type=\"heading.default\">\n\t\t\t\t<div class=\"elementor-widget-container\">\n\t\t\t<style>\/*! elementor - v3.22.0 - 26-06-2024 *\/\n.elementor-heading-title{padding:0;margin:0;line-height:1}.elementor-widget-heading .elementor-heading-title[class*=elementor-size-]>a{color:inherit;font-size:inherit;line-height:inherit}.elementor-widget-heading .elementor-heading-title.elementor-size-small{font-size:15px}.elementor-widget-heading .elementor-heading-title.elementor-size-medium{font-size:19px}.elementor-widget-heading .elementor-heading-title.elementor-size-large{font-size:29px}.elementor-widget-heading .elementor-heading-title.elementor-size-xl{font-size:39px}.elementor-widget-heading .elementor-heading-title.elementor-size-xxl{font-size:59px}<\/style><h2 class=\"elementor-heading-title elementor-size-default\">Corporate Supporters<\/h2>\t\t<\/div>\n\t\t\t\t<\/div>\n\t\t\t\t\t<\/div>\n\t\t\t\t<\/div>\n\t\t<div class=\"elementor-element elementor-element-d198cc7 e-flex e-con-boxed e-con e-parent\" data-id=\"d198cc7\" data-element_type=\"container\">\n\t\t\t\t\t<div class=\"e-con-inner\">\n\t\t\t\t<div class=\"elementor-element elementor-element-9d5640c elementor-widget elementor-widget-text-editor\" data-id=\"9d5640c\" data-element_type=\"widget\" data-widget_type=\"text-editor.default\">\n\t\t\t\t<div class=\"elementor-widget-container\">\n\t\t\t<style>\/*! elementor - v3.22.0 - 26-06-2024 *\/\n.elementor-widget-text-editor.elementor-drop-cap-view-stacked .elementor-drop-cap{background-color:#69727d;color:#fff}.elementor-widget-text-editor.elementor-drop-cap-view-framed .elementor-drop-cap{color:#69727d;border:3px solid;background-color:transparent}.elementor-widget-text-editor:not(.elementor-drop-cap-view-default) .elementor-drop-cap{margin-top:8px}.elementor-widget-text-editor:not(.elementor-drop-cap-view-default) .elementor-drop-cap-letter{width:1em;height:1em}.elementor-widget-text-editor .elementor-drop-cap{float:left;text-align:center;line-height:1;font-size:50px}.elementor-widget-text-editor .elementor-drop-cap-letter{display:inline-block}<\/style>\t\t\t\t<p>Here your company gets visibility to the entire world. Our Contest is international and widely promoted globally. See who already supports our Contest and join them too! To participate, simply send your logo to contest@labre.org.br\n and choose a Contest category to sponsor at least one Commemorative Plaque for R$150.00 or more, according to your preference. We look forward to having you on board!<\/p>\t\t\t\t\t\t<\/div>\n\t\t\t\t<\/div>\n\t\t\t\t\t<\/div>\n\t\t\t\t<\/div>\n\t\t<div class=\"elementor-element elementor-element-073c4de e-flex e-con-boxed e-con e-parent\" data-id=\"073c4de\" data-element_type=\"container\">\n\t\t\t\t\t<div class=\"e-con-inner\">\n\t\t<div class=\"elementor-element elementor-element-a69b846 e-con-full e-flex e-con e-child\" data-id=\"a69b846\" data-element_type=\"container\">\n\t\t\t\t<div class=\"elementor-element elementor-element-c19c4ef elementor-widget elementor-widget-image\" data-id=\"c19c4ef\" data-element_type=\"widget\" data-widget_type=\"image.default\">\n\t\t\t\t<div class=\"elementor-widget-container\">\n\t\t\t<style>\/*! elementor - v3.22.0 - 26-06-2024 *\/\n.elementor-widget-image{text-align:center}.elementor-widget-image a{display:inline-block}.elementor-widget-image a img[src$=\".svg\"]{width:48px}.elementor-widget-image img{vertical-align:middle;display:inline-block}<\/style>\t\t\t\t\t\t\t\t\t\t<img fetchpriority=\"high\" decoding=\"async\" width=\"639\" height=\"391\" src=\"https:\/\/www.labre.org.br\/contest\/wp-content\/uploads\/2024\/06\/ham-radio.png\" class=\"attachment-large size-large wp-image-706\" alt=\"\" srcset=\"https:\/\/www.labre.org.br\/contest\/wp-content\/uploads\/2024\/06\/ham-radio.png 639w, https:\/\/www.labre.org.br\/contest\/wp-content\/uploads\/2024\/06\/ham-radio-300x184.png 300w, https:\/\/www.labre.org.br\/contest\/wp-content\/uploads\/2024\/06\/ham-radio-18x12.png 18w\" sizes=\"(max-width: 639px) 100vw, 639px\" \/>\t\t\t\t\t\t\t\t\t\t\t\t\t<\/div>\n\t\t\t\t<\/div>\n\t\t\t\t<\/div>\n\t\t<div class=\"elementor-element elementor-element-9c9e47f e-con-full e-flex e-con e-child\" data-id=\"9c9e47f\" data-element_type=\"container\">\n\t\t\t\t<div class=\"elementor-element elementor-element-97a357b elementor-widget elementor-widget-image\" data-id=\"97a357b\" data-element_type=\"widget\" data-widget_type=\"image.default\">\n\t\t\t\t<div class=\"elementor-widget-container\">\n\t\t\t\t\t\t\t\t\t\t\t\t\t<img decoding=\"async\" width=\"384\" height=\"96\" src=\"https:\/\/www.labre.org.br\/contest\/wp-content\/uploads\/2024\/06\/live-score.png\" class=\"attachment-large size-large wp-image-707\" alt=\"\" srcset=\"https:\/\/www.labre.org.br\/contest\/wp-content\/uploads\/2024\/06\/live-score.png 384w, https:\/\/www.labre.org.br\/contest\/wp-content\/uploads\/2024\/06\/live-score-300x75.png 300w, https:\/\/www.labre.org.br\/contest\/wp-content\/uploads\/2024\/06\/live-score-18x5.png 18w\" sizes=\"(max-width: 384px) 100vw, 384px\" \/>\t\t\t\t\t\t\t\t\t\t\t\t\t<\/div>\n\t\t\t\t<\/div>\n\t\t\t\t<\/div>\n\t\t<div class=\"elementor-element elementor-element-2bc465a e-con-full e-flex e-con e-child\" data-id=\"2bc465a\" data-element_type=\"container\">\n\t\t\t\t<div class=\"elementor-element elementor-element-a46decb elementor-widget elementor-widget-image\" data-id=\"a46decb\" data-element_type=\"widget\" data-widget_type=\"image.default\">\n\t\t\t\t<div class=\"elementor-widget-container\">\n\t\t\t\t\t\t\t\t\t\t\t\t\t<img decoding=\"async\" width=\"656\" height=\"190\" src=\"https:\/\/www.labre.org.br\/contest\/wp-content\/uploads\/2024\/07\/n1mm-logger.jpeg\" class=\"attachment-large size-large wp-image-771\" alt=\"\" srcset=\"https:\/\/www.labre.org.br\/contest\/wp-content\/uploads\/2024\/07\/n1mm-logger.jpeg 656w, https:\/\/www.labre.org.br\/contest\/wp-content\/uploads\/2024\/07\/n1mm-logger-300x87.jpeg 300w, https:\/\/www.labre.org.br\/contest\/wp-content\/uploads\/2024\/07\/n1mm-logger-18x5.jpeg 18w\" sizes=\"(max-width: 656px) 100vw, 656px\" \/>\t\t\t\t\t\t\t\t\t\t\t\t\t<\/div>\n\t\t\t\t<\/div>\n\t\t\t\t<\/div>\n\t\t\t\t\t<\/div>\n\t\t\t\t<\/div>\n\t\t<div class=\"elementor-element elementor-element-ba3e9c4 e-flex e-con-boxed e-con e-parent\" data-id=\"ba3e9c4\" data-element_type=\"container\">\n\t\t\t\t\t<div class=\"e-con-inner\">\n\t\t<div class=\"elementor-element elementor-element-6c1520f e-con-full e-flex e-con e-child\" data-id=\"6c1520f\" data-element_type=\"container\">\n\t\t\t\t<div class=\"elementor-element elementor-element-6027514 elementor-widget elementor-widget-image\" data-id=\"6027514\" data-element_type=\"widget\" data-widget_type=\"image.default\">\n\t\t\t\t<div class=\"elementor-widget-container\">\n\t\t\t\t\t\t\t\t\t\t\t\t\t<img loading=\"lazy\" decoding=\"async\" width=\"1024\" height=\"138\" src=\"https:\/\/www.labre.org.br\/contest\/wp-content\/uploads\/2024\/07\/radiohouse-1024x138.png\" class=\"attachment-large size-large wp-image-822\" alt=\"\" srcset=\"https:\/\/www.labre.org.br\/contest\/wp-content\/uploads\/2024\/07\/radiohouse-1024x138.png 1024w, https:\/\/www.labre.org.br\/contest\/wp-content\/uploads\/2024\/07\/radiohouse-300x41.png 300w, https:\/\/www.labre.org.br\/contest\/wp-content\/uploads\/2024\/07\/radiohouse-768x104.png 768w, https:\/\/www.labre.org.br\/contest\/wp-content\/uploads\/2024\/07\/radiohouse-18x2.png 18w, https:\/\/www.labre.org.br\/contest\/wp-content\/uploads\/2024\/07\/radiohouse.png 1399w\" sizes=\"(max-width: 1024px) 100vw, 1024px\" \/>\t\t\t\t\t\t\t\t\t\t\t\t\t<\/div>\n\t\t\t\t<\/div>\n\t\t\t\t<\/div>\n\t\t<div class=\"elementor-element elementor-element-595483b e-con-full e-flex e-con e-child\" data-id=\"595483b\" data-element_type=\"container\">\n\t\t\t\t<div class=\"elementor-element elementor-element-bc990e2 elementor-widget elementor-widget-image\" data-id=\"bc990e2\" data-element_type=\"widget\" data-widget_type=\"image.default\">\n\t\t\t\t<div class=\"elementor-widget-container\">\n\t\t\t\t\t\t\t\t\t\t\t\t\t<img loading=\"lazy\" decoding=\"async\" width=\"718\" height=\"370\" src=\"https:\/\/www.labre.org.br\/contest\/wp-content\/uploads\/2024\/07\/radioense.png\" class=\"attachment-large size-large wp-image-824\" alt=\"\" srcset=\"https:\/\/www.labre.org.br\/contest\/wp-content\/uploads\/2024\/07\/radioense.png 718w, https:\/\/www.labre.org.br\/contest\/wp-content\/uploads\/2024\/07\/radioense-300x155.png 300w, https:\/\/www.labre.org.br\/contest\/wp-content\/uploads\/2024\/07\/radioense-18x9.png 18w\" sizes=\"(max-width: 718px) 100vw, 718px\" \/>\t\t\t\t\t\t\t\t\t\t\t\t\t<\/div>\n\t\t\t\t<\/div>\n\t\t\t\t<\/div>\n\t\t<div class=\"elementor-element elementor-element-8ae96c7 e-con-full e-flex e-con e-child\" data-id=\"8ae96c7\" data-element_type=\"container\">\n\t\t\t\t<div class=\"elementor-element elementor-element-32230fc elementor-widget elementor-widget-image\" data-id=\"32230fc\" data-element_type=\"widget\" data-widget_type=\"image.default\">\n\t\t\t\t<div class=\"elementor-widget-container\">\n\t\t\t\t\t\t\t\t\t\t\t\t\t<img loading=\"lazy\" decoding=\"async\" width=\"1024\" height=\"339\" src=\"https:\/\/www.labre.org.br\/contest\/wp-content\/uploads\/2024\/07\/antenas-1024x339.png\" class=\"attachment-large size-large wp-image-825\" alt=\"\" srcset=\"https:\/\/www.labre.org.br\/contest\/wp-content\/uploads\/2024\/07\/antenas-1024x339.png 1024w, https:\/\/www.labre.org.br\/contest\/wp-content\/uploads\/2024\/07\/antenas-300x99.png 300w, https:\/\/www.labre.org.br\/contest\/wp-content\/uploads\/2024\/07\/antenas-768x254.png 768w, https:\/\/www.labre.org.br\/contest\/wp-content\/uploads\/2024\/07\/antenas-18x6.png 18w, https:\/\/www.labre.org.br\/contest\/wp-content\/uploads\/2024\/07\/antenas.png 1208w\" sizes=\"(max-width: 1024px) 100vw, 1024px\" \/>\t\t\t\t\t\t\t\t\t\t\t\t\t<\/div>\n\t\t\t\t<\/div>\n\t\t\t\t<\/div>\n\t\t\t\t\t<\/div>\n\t\t\t\t<\/div>\n\t\t\t\t<\/div>","protected":false},"excerpt":{"rendered":"<p>Aqui sua empresa aparece para o mundo inteiro. Nosso Contest \u00e9 internacional e tem ampla divulga\u00e7\u00e3o em todo o mundo. Veja quem j\u00e1 apoia nosso Contest e participe voce tamb\u00e9m. Para participar basta enviar sua logomarca para o email contest@labre.org.br e escolher uma categoria do Contest para patrocinar pelo menos uma Placa Comemorativa no valor [&hellip;]<\/p>","protected":false},"author":1,"featured_media":0,"parent":0,"menu_order":0,"comment_status":"closed","ping_status":"closed","template":"","meta":{"_acf_changed":false,"footnotes":""},"acf":[],"_links":{"self":[{"href":"https:\/\/www.labre.org.br\/contest\/en\/wp-json\/wp\/v2\/pages\/1669"}],"collection":[{"href":"https:\/\/www.labre.org.br\/contest\/en\/wp-json\/wp\/v2\/pages"}],"about":[{"href":"https:\/\/www.labre.org.br\/contest\/en\/wp-json\/wp\/v2\/types\/page"}],"author":[{"embeddable":true,"href":"https:\/\/www.labre.org.br\/contest\/en\/wp-json\/wp\/v2\/users\/1"}],"replies":[{"embeddable":true,"href":"https:\/\/www.labre.org.br\/contest\/en\/wp-json\/wp\/v2\/comments?post=1669"}],"version-history":[{"count":13,"href":"https:\/\/www.labre.org.br\/contest\/en\/wp-json\/wp\/v2\/pages\/1669\/revisions"}],"predecessor-version":[{"id":1692,"href":"https:\/\/www.labre.org.br\/contest\/en\/wp-json\/wp\/v2\/pages\/1669\/revisions\/1692"}],"wp:attachment":[{"href":"https:\/\/www.labre.org.br\/contest\/en\/wp-json\/wp\/v2\/media?parent=1669"}],"curies":[{"name":"wp","href":"https:\/\/api.w.org\/{rel}","templated":true}]}}