{"id":1227,"date":"2025-07-02T10:59:02","date_gmt":"2025-07-02T13:59:02","guid":{"rendered":"https:\/\/www.labre.org.br\/contest\/?page_id=1227"},"modified":"2025-07-03T09:01:29","modified_gmt":"2025-07-03T12:01:29","slug":"operacoes-anunciadas","status":"publish","type":"page","link":"https:\/\/www.labre.org.br\/contest\/en\/operacoes-anunciadas\/","title":{"rendered":"ANNOUNCED OPERATIONS"},"content":{"rendered":"<div data-elementor-type=\"wp-page\" data-elementor-id=\"1227\" class=\"elementor elementor-1227\" data-elementor-post-type=\"page\">\n\t\t\t\t<div class=\"elementor-element elementor-element-145fd19 e-flex e-con-boxed e-con e-parent\" data-id=\"145fd19\" data-element_type=\"container\">\n\t\t\t\t\t<div class=\"e-con-inner\">\n\t\t\t\t<div class=\"elementor-element elementor-element-970b63b elementor-widget elementor-widget-heading\" data-id=\"970b63b\" data-element_type=\"widget\" data-widget_type=\"heading.default\">\n\t\t\t\t<div class=\"elementor-widget-container\">\n\t\t\t<style>\/*! elementor - v3.22.0 - 26-06-2024 *\/\n.elementor-heading-title{padding:0;margin:0;line-height:1}.elementor-widget-heading .elementor-heading-title[class*=elementor-size-]>a{color:inherit;font-size:inherit;line-height:inherit}.elementor-widget-heading .elementor-heading-title.elementor-size-small{font-size:15px}.elementor-widget-heading .elementor-heading-title.elementor-size-medium{font-size:19px}.elementor-widget-heading .elementor-heading-title.elementor-size-large{font-size:29px}.elementor-widget-heading .elementor-heading-title.elementor-size-xl{font-size:39px}.elementor-widget-heading .elementor-heading-title.elementor-size-xxl{font-size:59px}<\/style><h2 class=\"elementor-heading-title elementor-size-default\">ANNOUNCED OPERATIONS<\/h2>\t\t<\/div>\n\t\t\t\t<\/div>\n\t\t\t\t\t<\/div>\n\t\t\t\t<\/div>\n\t\t<div class=\"elementor-element elementor-element-437b8fc e-flex e-con-boxed e-con e-parent\" data-id=\"437b8fc\" data-element_type=\"container\">\n\t\t\t\t\t<div class=\"e-con-inner\">\n\t\t\t\t<div class=\"elementor-element elementor-element-e62478f elementor-widget elementor-widget-text-editor\" data-id=\"e62478f\" data-element_type=\"widget\" data-widget_type=\"text-editor.default\">\n\t\t\t\t<div class=\"elementor-widget-container\">\n\t\t\t<style>\/*! elementor - v3.22.0 - 26-06-2024 *\/\n.elementor-widget-text-editor.elementor-drop-cap-view-stacked .elementor-drop-cap{background-color:#69727d;color:#fff}.elementor-widget-text-editor.elementor-drop-cap-view-framed .elementor-drop-cap{color:#69727d;border:3px solid;background-color:transparent}.elementor-widget-text-editor:not(.elementor-drop-cap-view-default) .elementor-drop-cap{margin-top:8px}.elementor-widget-text-editor:not(.elementor-drop-cap-view-default) .elementor-drop-cap-letter{width:1em;height:1em}.elementor-widget-text-editor .elementor-drop-cap{float:left;text-align:center;line-height:1;font-size:50px}.elementor-widget-text-editor .elementor-drop-cap-letter{display:inline-block}<\/style>\t\t\t\t<p>Anuncie sua opera\u00e7\u00e3o preenchendo o formul\u00e1rio abaixo:<\/p><p><strong>Attention: The list below is NOT an application for the contest!<\/strong><\/p><p>A publica\u00e7\u00e3o tem por objetivo ajudar o planejamento de indicativos especiais pelos\u00a0participantes!&#8221;<\/p>\t\t\t\t\t\t<\/div>\n\t\t\t\t<\/div>\n\t\t\t\t<div class=\"elementor-element elementor-element-a752501 elementor-widget elementor-widget-html\" data-id=\"a752501\" data-element_type=\"widget\" data-widget_type=\"html.default\">\n\t\t\t\t<div class=\"elementor-widget-container\">\n\t\t\t<iframe allowtransparency=\"true\" width=\"100%\" height=\"750px\" src=\"https:\/\/www.labre.org.br\/contest\/operacoes\/operacoes.php\"><\/iframe>\t\t<\/div>\n\t\t\t\t<\/div>\n\t\t\t\t<div class=\"elementor-element elementor-element-95d10a6 elementor-widget elementor-widget-html\" data-id=\"95d10a6\" data-element_type=\"widget\" data-widget_type=\"html.default\">\n\t\t\t\t<div class=\"elementor-widget-container\">\n\t\t\t<script>\nwindow.addEventListener('message', function(event) {\n    if (event.data === 'refresh_parent') {\n        location.reload();\n    }\n});\n<\/script>\n\n<iframe allowtransparency=\"true\" width=\"100%\" height=\"900px\" src=\"https:\/\/www.labre.org.br\/contest\/operacoes\/tabela_operacoes.php\"><\/iframe>\t\t<\/div>\n\t\t\t\t<\/div>\n\t\t\t\t\t<\/div>\n\t\t\t\t<\/div>\n\t\t\t\t<\/div>","protected":false},"excerpt":{"rendered":"<p>Anuncie sua opera\u00e7\u00e3o preenchendo o formul\u00e1rio abaixo: Aten\u00e7\u00e3o: A lista abaixo N\u00c3O se trata de inscri\u00e7\u00e3o para o contest! A publica\u00e7\u00e3o tem por objetivo ajudar o planejamento de indicativos especiais pelos\u00a0participantes!&#8221;<\/p>","protected":false},"author":1,"featured_media":0,"parent":0,"menu_order":0,"comment_status":"closed","ping_status":"closed","template":"","meta":{"_acf_changed":false,"footnotes":""},"acf":[],"_links":{"self":[{"href":"https:\/\/www.labre.org.br\/contest\/en\/wp-json\/wp\/v2\/pages\/1227"}],"collection":[{"href":"https:\/\/www.labre.org.br\/contest\/en\/wp-json\/wp\/v2\/pages"}],"about":[{"href":"https:\/\/www.labre.org.br\/contest\/en\/wp-json\/wp\/v2\/types\/page"}],"author":[{"embeddable":true,"href":"https:\/\/www.labre.org.br\/contest\/en\/wp-json\/wp\/v2\/users\/1"}],"replies":[{"embeddable":true,"href":"https:\/\/www.labre.org.br\/contest\/en\/wp-json\/wp\/v2\/comments?post=1227"}],"version-history":[{"count":23,"href":"https:\/\/www.labre.org.br\/contest\/en\/wp-json\/wp\/v2\/pages\/1227\/revisions"}],"predecessor-version":[{"id":1255,"href":"https:\/\/www.labre.org.br\/contest\/en\/wp-json\/wp\/v2\/pages\/1227\/revisions\/1255"}],"wp:attachment":[{"href":"https:\/\/www.labre.org.br\/contest\/en\/wp-json\/wp\/v2\/media?parent=1227"}],"curies":[{"name":"wp","href":"https:\/\/api.w.org\/{rel}","templated":true}]}}