{"id":1118,"date":"2025-01-30T10:42:45","date_gmt":"2025-01-30T13:42:45","guid":{"rendered":"https:\/\/www.labre.org.br\/contest\/?page_id=1118"},"modified":"2025-01-31T10:17:24","modified_gmt":"2025-01-31T13:17:24","slug":"comite-2025","status":"publish","type":"page","link":"https:\/\/www.labre.org.br\/contest\/en\/comite-2025\/","title":{"rendered":"COMMITTEE 2025"},"content":{"rendered":"<div data-elementor-type=\"wp-page\" data-elementor-id=\"1118\" class=\"elementor elementor-1118\" data-elementor-post-type=\"page\">\n\t\t\t\t<div class=\"elementor-element elementor-element-677ea9b e-flex e-con-boxed e-con e-parent\" data-id=\"677ea9b\" data-element_type=\"container\">\n\t\t\t\t\t<div class=\"e-con-inner\">\n\t\t\t\t<div class=\"elementor-element elementor-element-ccd9af6 elementor-widget elementor-widget-heading\" data-id=\"ccd9af6\" data-element_type=\"widget\" data-widget_type=\"heading.default\">\n\t\t\t\t<div class=\"elementor-widget-container\">\n\t\t\t<style>\/*! elementor - v3.22.0 - 26-06-2024 *\/\n.elementor-heading-title{padding:0;margin:0;line-height:1}.elementor-widget-heading .elementor-heading-title[class*=elementor-size-]>a{color:inherit;font-size:inherit;line-height:inherit}.elementor-widget-heading .elementor-heading-title.elementor-size-small{font-size:15px}.elementor-widget-heading .elementor-heading-title.elementor-size-medium{font-size:19px}.elementor-widget-heading .elementor-heading-title.elementor-size-large{font-size:29px}.elementor-widget-heading .elementor-heading-title.elementor-size-xl{font-size:39px}.elementor-widget-heading .elementor-heading-title.elementor-size-xxl{font-size:59px}<\/style><h2 class=\"elementor-heading-title elementor-size-default\">COMMITTEE 2025<\/h2>\t\t<\/div>\n\t\t\t\t<\/div>\n\t\t\t\t\t<\/div>\n\t\t\t\t<\/div>\n\t\t<div class=\"elementor-element elementor-element-834c35c e-flex e-con-boxed e-con e-parent\" data-id=\"834c35c\" data-element_type=\"container\">\n\t\t\t\t\t<div class=\"e-con-inner\">\n\t\t\t\t<div class=\"elementor-element elementor-element-bcf9fd0 elementor-widget elementor-widget-text-editor\" data-id=\"bcf9fd0\" data-element_type=\"widget\" data-widget_type=\"text-editor.default\">\n\t\t\t\t<div class=\"elementor-widget-container\">\n\t\t\t<style>\/*! elementor - v3.22.0 - 26-06-2024 *\/\n.elementor-widget-text-editor.elementor-drop-cap-view-stacked .elementor-drop-cap{background-color:#69727d;color:#fff}.elementor-widget-text-editor.elementor-drop-cap-view-framed .elementor-drop-cap{color:#69727d;border:3px solid;background-color:transparent}.elementor-widget-text-editor:not(.elementor-drop-cap-view-default) .elementor-drop-cap{margin-top:8px}.elementor-widget-text-editor:not(.elementor-drop-cap-view-default) .elementor-drop-cap-letter{width:1em;height:1em}.elementor-widget-text-editor .elementor-drop-cap{float:left;text-align:center;line-height:1;font-size:50px}.elementor-widget-text-editor .elementor-drop-cap-letter{display:inline-block}<\/style>\t\t\t\t<p>In order to ensure the success of the event, LABRE has established an Organizing Committee.<\/p><p>The Organizing Committee will be responsible for verifying and adjudicating the participation of each station and judging possible infractions as provided in Chapter XIV of the competition regulations.<\/p><p>\u00a0<\/p>\t\t\t\t\t\t<\/div>\n\t\t\t\t<\/div>\n\t\t\t\t\t<\/div>\n\t\t\t\t<\/div>\n\t\t<div class=\"elementor-element elementor-element-144e02c e-flex e-con-boxed e-con e-parent\" data-id=\"144e02c\" data-element_type=\"container\">\n\t\t\t\t\t<div class=\"e-con-inner\">\n\t\t<div class=\"elementor-element elementor-element-2615bd0 e-con-full e-flex e-con e-child\" data-id=\"2615bd0\" data-element_type=\"container\">\n\t\t\t\t<div class=\"elementor-element elementor-element-91c89a6 elementor-widget__width-initial elementor-widget elementor-widget-html\" data-id=\"91c89a6\" data-element_type=\"widget\" data-widget_type=\"html.default\">\n\t\t\t\t<div class=\"elementor-widget-container\">\n\t\t\t<table style=\"width: 100%; border-collapse: collapse;\">\n    <thead>\n        <tr>\n            <th colspan=\"2\" style=\"background-color: #427938; color: white; padding: 10px; text-align: center;\">\n                Organizing Committee.\n            <\/th>\n        <\/tr>\n        <tr>\n            <th style=\"color: #427938; padding: 8px; border-bottom: 1px solid #ddd;\">Name<\/th>\n            <th style=\"color: #427938; padding: 8px; border-bottom: 1px solid #ddd;\">Call Sign<\/th>\n        <\/tr>\n    <\/thead>\n    <tbody>\n        <tr><td style=\"color: #427938; padding: 8px; border-bottom: 1px solid #ddd;\">Cl\u00e1udio Gimenez<\/td><td style=\"color: #427938; padding: 8px; border-bottom: 1px solid #ddd;\">PY2KP<\/td><\/tr>\n        <tr><td style=\"color: #427938; padding: 8px; border-bottom: 1px solid #ddd;\">Marcone Cerqueira<\/td><td style=\"color: #427938; padding: 8px; border-bottom: 1px solid #ddd;\">PY6MV<\/td><\/tr>\n        <tr><td style=\"color: #427938; padding: 8px; border-bottom: 1px solid #ddd;\">Renner Pedroza<\/td><td style=\"color: #427938; padding: 8px; border-bottom: 1px solid #ddd;\">PY7RP<\/td><\/tr>\n        <tr><td style=\"color: #427938; padding: 8px; border-bottom: 1px solid #ddd;\">Roberto Pereira<\/td><td style=\"color: #427938; padding: 8px; border-bottom: 1px solid #ddd;\">PT7YV<\/td><\/tr>\n    <\/tbody>\n<\/table>\n\t\t<\/div>\n\t\t\t\t<\/div>\n\t\t\t\t<\/div>\n\t\t<div class=\"elementor-element elementor-element-b69e379 e-con-full e-flex e-con e-child\" data-id=\"b69e379\" data-element_type=\"container\">\n\t\t\t\t<div class=\"elementor-element elementor-element-db7bcb0 elementor-widget elementor-widget-html\" data-id=\"db7bcb0\" data-element_type=\"widget\" data-widget_type=\"html.default\">\n\t\t\t\t<div class=\"elementor-widget-container\">\n\t\t\t<table style=\"width: 100%; border-collapse: collapse;\">\n    <thead>\n        <tr>\n            <th colspan=\"2\" style=\"background-color: #427938; color: white; padding: 10px; text-align: center;\">Judging Committee\n                \n            <\/th>\n        <\/tr>\n        <tr>\n            <th style=\"color: #427938; padding: 8px; border-bottom: 1px solid #ddd;\">Name<\/th>\n            <th style=\"color: #427938; padding: 8px; border-bottom: 1px solid #ddd;\">Call Sign<\/th>\n        <\/tr>\n    <\/thead>\n    <tbody>\n        <tr><td style=\"color: #427938; padding: 8px; border-bottom: 1px solid #ddd;\">Atilano Oms<\/td><td style=\"color: #427938; padding: 8px; border-bottom: 1px solid #ddd;\">PY5EG<\/td><\/tr>\n        <tr><td style=\"color: #427938; padding: 8px; border-bottom: 1px solid #ddd;\">Luciano Moreira<\/td><td style=\"color: #427938; padding: 8px; border-bottom: 1px solid #ddd;\">PY8AZT<\/td><\/tr>\n        <tr><td style=\"color: #427938; padding: 8px; border-bottom: 1px solid #ddd;\">S\u00e9rgio Almeida<\/td><td style=\"color: #427938; padding: 8px; border-bottom: 1px solid #ddd;\">PP5JR<\/td><\/tr>\n    <\/tbody>\n<\/table>\n\t\t<\/div>\n\t\t\t\t<\/div>\n\t\t\t\t<\/div>\n\t\t\t\t\t<\/div>\n\t\t\t\t<\/div>\n\t\t\t\t<\/div>","protected":false},"excerpt":{"rendered":"<p>De modo a garantir o sucesso do evento, a LABRE criou um Comit\u00ea Organizador. O Comit\u00ea Organizador ser\u00e1 respons\u00e1vel por verificar, adjudicar a participa\u00e7\u00e3o de cada esta\u00e7\u00e3o e julgar poss\u00edveis infra\u00e7\u00f5es conforme disposto no cap\u00edtulo XIV do regulamento da competi\u00e7\u00e3o. \u00a0 Comit\u00ea Organizador Nome Indicativo Cl\u00e1udio Gimenez PY2KP Marcone Cerqueira PY6MV Renner Pedroza PY7RP Roberto [&hellip;]<\/p>","protected":false},"author":1,"featured_media":0,"parent":0,"menu_order":0,"comment_status":"closed","ping_status":"closed","template":"","meta":{"_acf_changed":false,"footnotes":""},"acf":[],"_links":{"self":[{"href":"https:\/\/www.labre.org.br\/contest\/en\/wp-json\/wp\/v2\/pages\/1118"}],"collection":[{"href":"https:\/\/www.labre.org.br\/contest\/en\/wp-json\/wp\/v2\/pages"}],"about":[{"href":"https:\/\/www.labre.org.br\/contest\/en\/wp-json\/wp\/v2\/types\/page"}],"author":[{"embeddable":true,"href":"https:\/\/www.labre.org.br\/contest\/en\/wp-json\/wp\/v2\/users\/1"}],"replies":[{"embeddable":true,"href":"https:\/\/www.labre.org.br\/contest\/en\/wp-json\/wp\/v2\/comments?post=1118"}],"version-history":[{"count":13,"href":"https:\/\/www.labre.org.br\/contest\/en\/wp-json\/wp\/v2\/pages\/1118\/revisions"}],"predecessor-version":[{"id":1143,"href":"https:\/\/www.labre.org.br\/contest\/en\/wp-json\/wp\/v2\/pages\/1118\/revisions\/1143"}],"wp:attachment":[{"href":"https:\/\/www.labre.org.br\/contest\/en\/wp-json\/wp\/v2\/media?parent=1118"}],"curies":[{"name":"wp","href":"https:\/\/api.w.org\/{rel}","templated":true}]}}